{"id":103944,"date":"2023-04-18T16:35:18","date_gmt":"2023-04-18T14:35:18","guid":{"rendered":"https:\/\/wavemarket.online\/politica-sulla-riservatezza\/"},"modified":"2023-05-16T19:34:11","modified_gmt":"2023-05-16T17:34:11","slug":"politica-sulla-riservatezza","status":"publish","type":"page","link":"https:\/\/wavemarket.online\/it\/politica-sulla-riservatezza\/","title":{"rendered":"Politica sulla riservatezza"},"content":{"rendered":"<p>[et_pb_section fb_built=&#8221;1&#8243; _builder_version=&#8221;4.21.0&#8243; _module_preset=&#8221;default&#8221; global_colors_info=&#8221;{}&#8221;][et_pb_row column_structure=&#8221;1_5,3_5,1_5&#8243; _builder_version=&#8221;4.21.0&#8243; _module_preset=&#8221;default&#8221; width=&#8221;90%&#8221; global_colors_info=&#8221;{}&#8221;][et_pb_column type=&#8221;1_5&#8243; _builder_version=&#8221;4.21.0&#8243; _module_preset=&#8221;default&#8221; global_colors_info=&#8221;{}&#8221;][\/et_pb_column][et_pb_column type=&#8221;3_5&#8243; _builder_version=&#8221;4.21.0&#8243; _module_preset=&#8221;default&#8221; global_colors_info=&#8221;{}&#8221;][et_pb_text _builder_version=&#8221;4.21.0&#8243; _module_preset=&#8221;default&#8221; text_font=&#8221;Inter|300|||||||&#8221; text_text_color=&#8221;#4d4d4d&#8221; text_font_size=&#8221;18px&#8221; text_line_height=&#8221;1.5em&#8221; header_font=&#8221;Inter|500|||||||&#8221; header_text_color=&#8221;#212529&#8243; header_line_height=&#8221;1.2em&#8221; header_2_font=&#8221;Inter||||||||&#8221; header_2_text_color=&#8221;#212529&#8243; header_2_font_size=&#8221;32px&#8221; header_2_line_height=&#8221;1.2em&#8221; text_font_size_tablet=&#8221;16px&#8221; text_font_size_phone=&#8221;16px&#8221; text_font_size_last_edited=&#8221;on|desktop&#8221; header_font_size_tablet=&#8221;38px&#8221; header_font_size_phone=&#8221;38px&#8221; header_font_size_last_edited=&#8221;on|phone&#8221; header_2_font_size_tablet=&#8221;30px&#8221; header_2_font_size_phone=&#8221;26px&#8221; header_2_font_size_last_edited=&#8221;on|phone&#8221; global_colors_info=&#8221;{}&#8221;]<\/p>\n<h1>Politica sulla riservatezza<\/h1>\n<p>In Europa e in Spagna esistono normative sulla protezione dei dati progettate per proteggere le tue informazioni personali che sono obbligatorie per noi.<\/p>\n<p>Pertanto, \u00e8 molto importante per noi che tu comprenda appieno cosa far\u00f2 con i dati personali che vi richiediamo.<\/p>\n<p>Pertanto, saremo trasparente e vi daremo il controllo dei tuoi dati, con un linguaggio semplice e opzioni chiare che vi permetteranno di decidere cosa fare dei vostri dati personali.<\/p>\n<p>Per favore, se dopo aver letto queste informazioni hai qualche domanda, non esitare a chiedercele.<\/p>\n<h2>1. Chi siamo?<\/h2>\n<p>\u2013 <u>Nome<\/u>: <strong>Domobility, S.L.<\/strong><\/p>\n<p>\u2013 <u>Codice Identificativo Fiscale (C.I.F)<\/u>: <strong>B74279290<\/strong><\/p>\n<p>\u2013 <u>Indirizzo<\/u>: <strong>Calle del Muelle 10, 3\u00ba (33401) Avil\u00e9s (Asturias)<\/strong><\/p>\n<p>\u2013 <u>Indirizzo e-mail<\/u>: <a id=\"link-p-b\" href=\"mailto:info@wavemarket.online\" rel=\"noopener noreferrer\" target=\"_blank\">info@wavemarket.online<\/a><\/p>\n<p>\u2013 <u>Il nostro sito web<\/u>: <a id=\"link-p-b\" href=\"https:\/\/wavemarket.online\/it\/\" rel=\"noopener noreferrer\" target=\"_blank\">wavemarket.online<\/a><\/p>\n<h2>2. Per cosa utilizzeremo i tuoi dati?<\/h2>\n<p>In generale, i tuoi dati personali verranno utilizzati per poter interagire con te e per poterti fornire i nostri servizi.<\/p>\n<p>Allo stesso modo, possono essere utilizzati anche per altre attivit\u00e0, come l&#8217;invio di pubblicit\u00e0 o la promozione delle nostre attivit\u00e0.<\/p>\n<h2>3. Perch\u00e9 abbiamo bisogno di utilizzare i tuoi dati?<\/h2>\n<p>I tuoi dati personali sono necessari per poter interagire con te e per poterti fornire i nostri servizi.<\/p>\n<p>In tal senso, vi mettiamo a tua disposizione una serie di box che ti permetteranno di decidere in modo chiaro e semplice in merito all&#8217;utilizzo dei tuoi dati personali.<\/p>\n<h2>4. Chi conoscer\u00e0 le informazioni che chiediamo?<\/h2>\n<p>In generale, solo il personale debitamente autorizzato della nostra entit\u00e0 pu\u00f2 venire a conoscenza delle informazioni che ti chiediamo.<\/p>\n<p>Allo stesso modo, le entit\u00e0 che devono avervi accesso potrebbero venire a conoscenza delle tue informazioni personali in modo che possiamo fornirti i nostri servizi. Ad esempio, la nostra banca conoscer\u00e0 i tuoi dati se il pagamento dei nostri servizi viene effettuato con carta o bonifico bancario.<\/p>\n<p>Allo stesso modo, verranno a conoscenza dei tuoi dati quei soggetti pubblici o privati \u200b\u200ba cui siamo obbligati a fornire i tuoi dati personali in forza di qualsiasi legge. Facendovi un esempio, la Normativa Tributaria obbliga l&#8217;Agenzia delle Entrate a fornire determinate informazioni sulle operazioni economiche che superano un certo importo.<\/p>\n<p>Nel caso in cui, al di l\u00e0 dei presupposti di cui sopra, dovessimo divulgare le tue informazioni personali ad altri soggetti, richiederemo preventivamente la tua autorizzazione attraverso chiare opzioni che ti consentiranno di decidere in merito.<\/p>\n<h2>5. Come proteggeremo i tuoi dati?<\/h2>\n<p>Proteggeremo i tuoi dati con efficaci misure di sicurezza basate sui rischi connessi all&#8217;uso delle tue informazioni.<\/p>\n<p>Per questo, la nostra entit\u00e0 ha approvato una Politica sulla protezione dei dati e vengono effettuati controlli e audit annuali per verificare che i tuoi dati personali siano sempre al sicuro.<\/p>\n<h2>6. Invieremo i tuoi dati in altri paesi?<\/h2>\n<p>Nel mondo ci sono Paesi sicuri per i tuoi dati e altri che non lo sono. Ad esempio, l&#8217;Unione Europea \u00e8 un ambiente sicuro per i tuoi dati. La nostra politica \u00e8 di non inviare le tue informazioni personali in nessun paese che non sia sicuro dal punto di vista della protezione dei tuoi dati.<\/p>\n<p>Nel caso in cui, per fornire il servizio, sia essenziale inviare i tuoi dati in un paese che non \u00e8 sicuro come la Spagna, richiederemo sempre la tua autorizzazione in anticipo e applicheremo misure di sicurezza efficaci che riducono i rischi di invio dei tuoi personale in un altro paese.<\/p>\n<h2>7. Per quanto tempo conserveremo i tuoi dati?<\/h2>\n<p>Conserveremo i tuoi dati durante il nostro rapporto e fintanto che ci sar\u00e0 richiesto dalla legge. Una volta scaduti i termini di legge applicabili, procederemo alla loro eliminazione in modo sicuro e rispettoso dell&#8217;ambiente.<\/p>\n<h2>8. Quali sono i tuoi diritti in materia di protezione dei dati?<\/h2>\n<p>In qualsiasi momento puoi contattarci per scoprire quali informazioni abbiamo su di te, rettificarle se non sono corrette ed eliminarle una volta terminato il nostro rapporto, nel caso in cui ci\u00f2 sia legalmente possibile.<\/p>\n<p>Hai anche il diritto di richiedere il trasferimento delle tue informazioni a un&#8217;altra entit\u00e0. Questo diritto si chiama \u201cportabilit\u00e0\u201d e pu\u00f2 essere utile in determinate situazioni.<\/p>\n<p>Per richiedere uno di questi diritti, \u00e8 necessario presentare una richiesta scritta al nostro indirizzo, insieme a una fotocopia del proprio documento d&#8217;identit\u00e0, al fine di identificarsi.<\/p>\n<p>Presso gli uffici della nostra entit\u00e0 disponiamo di appositi moduli per richiedere tali diritti e vi offriamo il nostro aiuto per la loro compilazione.<\/p>\n<p>Per saperne di pi\u00f9 sui tuoi diritti di protezione dei dati, puoi consultare il sito web dell&#8217;Agenzia Spagnola per la Protezione dei Dati (www.agpd.es).<\/p>\n<h2>9. Puoi revocare il tuo consenso se cambi idea in un secondo momento?<\/h2>\n<p>Puoi revocare il tuo consenso se cambi idea sull&#8217;utilizzo dei tuoi dati in qualsiasi momento.<\/p>\n<p>Ad esempio, se una volta eri interessato a ricevere pubblicit\u00e0 per i nostri prodotti o servizi, ma non desideri pi\u00f9 ricevere ulteriore pubblicit\u00e0, puoi comunicarcelo tramite il modulo di opposizione al trattamento disponibile presso gli uffici della nostra entit\u00e0.<\/p>\n<h2>10. Nel caso in cui capisci che i tuoi diritti sono stati trascurati, dove puoi presentare un reclamo?<\/h2>\n<p>Nel caso in cui tu capisca che i tuoi diritti sono stati trascurati dalla nostra entit\u00e0, puoi presentare un reclamo all&#8217;Agenzia Spagnola per la Protezione dei Dati, attraverso uno dei seguenti mezzi:<\/p>\n<p>\u2013 <u>Sede elettronica<\/u>: <a id=\"link-p-b\" href=\"https:\/\/www.aepd.es\/es\" rel=\"noopener noreferrer\" target=\"_blank\">www.agpd.es<\/a><br \/>\u2013 <u>Indirizzo postale<\/u>: <strong>Calle Jorge Juan, 6 (28001) Madrid<\/strong><br \/>\u2013 <u>Per telefono<\/u>: Telf. <strong>900 293 183<\/strong><\/p>\n<p>La formulazione di un reclamo presso l&#8217;Agenzia Spagnola per la Protezione dei Dati non comporta alcun costo e non \u00e8 necessaria l&#8217;assistenza di un avvocato o di un avvocato.<\/p>\n<h2>11. Creeremo profili su di te?<\/h2>\n<p>La nostra politica non \u00e8 quella di creare profili sugli utenti dei nostri servizi.<\/p>\n<p>Tuttavia, potrebbero esserci situazioni in cui, per la fornitura di servizi, scopi commerciali o di altro tipo, abbiamo bisogno di creare profili di informazioni su di te. Un esempio potrebbe essere l&#8217;utilizzo della cronologia degli acquisti o dei servizi per poterti offrire prodotti o servizi su misura per i tuoi gusti o esigenze.<\/p>\n<p>In tal caso, applicheremo efficaci misure di sicurezza che proteggano le tue informazioni in ogni momento da persone non autorizzate che intendano utilizzarle a proprio vantaggio.<\/p>\n<h2>12. Utilizzeremo i tuoi dati per altri scopi?<\/h2>\n<p>La nostra politica \u00e8 di non utilizzare i tuoi dati per scopi diversi da quelli che ti abbiamo spiegato.<\/p>\n<p>Se, invece, avessimo la necessit\u00e0 di utilizzare i tuoi dati per attivit\u00e0 diverse, chiederemo sempre preventivamente il tuo consenso attraverso chiare opzioni che ti consentiranno di decidere in merito.<\/p>\n<p>[\/et_pb_text][et_pb_divider _builder_version=&#8221;4.21.0&#8243; _module_preset=&#8221;default&#8221; module_alignment=&#8221;center&#8221; custom_margin=&#8221;0px||0px||false|false&#8221; custom_padding=&#8221;0px||0px||false|false&#8221; global_colors_info=&#8221;{}&#8221;][\/et_pb_divider][et_pb_text _builder_version=&#8221;4.21.0&#8243; _module_preset=&#8221;default&#8221; text_font=&#8221;Inter|300|||||||&#8221; text_text_color=&#8221;#4d4d4d&#8221; text_font_size=&#8221;18px&#8221; text_line_height=&#8221;1.5em&#8221; header_font=&#8221;Inter|500|||||||&#8221; header_text_color=&#8221;#212529&#8243; header_line_height=&#8221;1.2em&#8221; header_2_font=&#8221;Inter||||||||&#8221; header_2_text_color=&#8221;#212529&#8243; header_2_font_size=&#8221;32px&#8221; header_2_line_height=&#8221;1.2em&#8221; text_font_size_tablet=&#8221;16px&#8221; text_font_size_phone=&#8221;16px&#8221; text_font_size_last_edited=&#8221;on|desktop&#8221; header_font_size_tablet=&#8221;38px&#8221; header_font_size_phone=&#8221;38px&#8221; header_font_size_last_edited=&#8221;on|phone&#8221; header_2_font_size_tablet=&#8221;30px&#8221; header_2_font_size_phone=&#8221;26px&#8221; header_2_font_size_last_edited=&#8221;on|phone&#8221; global_colors_info=&#8221;{}&#8221;]L&#8217;Informativa sulla Privacy \u00e8 stata aggiornata l&#8217;ultima volta il 08-05-2023.[\/et_pb_text][\/et_pb_column][et_pb_column type=&#8221;1_5&#8243; _builder_version=&#8221;4.21.0&#8243; _module_preset=&#8221;default&#8221; global_colors_info=&#8221;{}&#8221;][\/et_pb_column][\/et_pb_row][\/et_pb_section]<\/p>\n","protected":false},"excerpt":{"rendered":"<p>Politica sulla riservatezza In Europa e in Spagna esistono normative sulla protezione dei dati progettate per proteggere le tue informazioni personali che sono obbligatorie per noi. Pertanto, \u00e8 molto importante per noi che tu comprenda appieno cosa far\u00f2 con i dati personali che vi richiediamo. Pertanto, saremo trasparente e vi daremo il controllo dei tuoi [&hellip;]<\/p>\n","protected":false},"author":1,"featured_media":0,"parent":0,"menu_order":0,"comment_status":"closed","ping_status":"closed","template":"","meta":{"_et_pb_use_builder":"on","_et_pb_old_content":"","_et_gb_content_width":"","inline_featured_image":false,"footnotes":""},"class_list":["post-103944","page","type-page","status-publish","hentry"],"yoast_head":"<!-- This site is optimized with the Yoast SEO plugin v27.3 - https:\/\/yoast.com\/product\/yoast-seo-wordpress\/ -->\n<title>Politica sulla riservatezza &#8212; WaveMarket<\/title>\n<meta name=\"description\" content=\"Informazioni sui termini di utilizzo di wavemarket.online e su come prendiamo sul serio la privacy dei dati personali dei nostri clienti.\" \/>\n<meta name=\"robots\" content=\"noindex, follow\" \/>\n<meta property=\"og:locale\" content=\"it_IT\" \/>\n<meta property=\"og:type\" content=\"article\" \/>\n<meta property=\"og:title\" content=\"Politica sulla riservatezza &#8212; WaveMarket\" \/>\n<meta property=\"og:description\" content=\"Informazioni sui termini di utilizzo di wavemarket.online e su come prendiamo sul serio la privacy dei dati personali dei nostri clienti.\" \/>\n<meta property=\"og:url\" content=\"https:\/\/wavemarket.online\/it\/politica-sulla-riservatezza\/\" \/>\n<meta property=\"og:site_name\" content=\"WaveMarket\" \/>\n<meta property=\"article:modified_time\" content=\"2023-05-16T17:34:11+00:00\" \/>\n<meta property=\"og:image\" content=\"https:\/\/wavemarket.online\/wp-content\/uploads\/2023\/05\/wavemarket-imagen-principal-web.png\" \/>\n\t<meta property=\"og:image:width\" content=\"1200\" \/>\n\t<meta property=\"og:image:height\" content=\"675\" \/>\n\t<meta property=\"og:image:type\" content=\"image\/png\" \/>\n<meta name=\"twitter:card\" content=\"summary_large_image\" \/>\n<meta name=\"twitter:title\" content=\"Politica sulla riservatezza &#8212; WaveMarket\" \/>\n<meta name=\"twitter:description\" content=\"Informazioni sui termini di utilizzo di wavemarket.online e su come prendiamo sul serio la privacy dei dati personali dei nostri clienti.\" \/>\n<meta name=\"twitter:label1\" content=\"Tempo di lettura stimato\" \/>\n\t<meta name=\"twitter:data1\" content=\"7 minuti\" \/>\n<script type=\"application\/ld+json\" class=\"yoast-schema-graph\">{\"@context\":\"https:\\\/\\\/schema.org\",\"@graph\":[{\"@type\":\"WebPage\",\"@id\":\"https:\\\/\\\/wavemarket.online\\\/it\\\/politica-sulla-riservatezza\\\/\",\"url\":\"https:\\\/\\\/wavemarket.online\\\/it\\\/politica-sulla-riservatezza\\\/\",\"name\":\"Politica sulla riservatezza &#8212; WaveMarket\",\"isPartOf\":{\"@id\":\"https:\\\/\\\/wavemarket.online\\\/it\\\/#website\"},\"datePublished\":\"2023-04-18T14:35:18+00:00\",\"dateModified\":\"2023-05-16T17:34:11+00:00\",\"description\":\"Informazioni sui termini di utilizzo di wavemarket.online e su come prendiamo sul serio la privacy dei dati personali dei nostri clienti.\",\"breadcrumb\":{\"@id\":\"https:\\\/\\\/wavemarket.online\\\/it\\\/politica-sulla-riservatezza\\\/#breadcrumb\"},\"inLanguage\":\"it-IT\",\"potentialAction\":[{\"@type\":\"ReadAction\",\"target\":[\"https:\\\/\\\/wavemarket.online\\\/it\\\/politica-sulla-riservatezza\\\/\"]}]},{\"@type\":\"BreadcrumbList\",\"@id\":\"https:\\\/\\\/wavemarket.online\\\/it\\\/politica-sulla-riservatezza\\\/#breadcrumb\",\"itemListElement\":[{\"@type\":\"ListItem\",\"position\":1,\"name\":\"Portada\",\"item\":\"https:\\\/\\\/wavemarket.online\\\/it\\\/\"},{\"@type\":\"ListItem\",\"position\":2,\"name\":\"Politica sulla riservatezza\"}]},{\"@type\":\"WebSite\",\"@id\":\"https:\\\/\\\/wavemarket.online\\\/it\\\/#website\",\"url\":\"https:\\\/\\\/wavemarket.online\\\/it\\\/\",\"name\":\"wavemarket.online\",\"description\":\"Vende m\u00e1s conectando tu negocio con Marketplaces\",\"publisher\":{\"@id\":\"https:\\\/\\\/wavemarket.online\\\/it\\\/#organization\"},\"alternateName\":\"WaveMarket\",\"potentialAction\":[{\"@type\":\"SearchAction\",\"target\":{\"@type\":\"EntryPoint\",\"urlTemplate\":\"https:\\\/\\\/wavemarket.online\\\/it\\\/?s={search_term_string}\"},\"query-input\":{\"@type\":\"PropertyValueSpecification\",\"valueRequired\":true,\"valueName\":\"search_term_string\"}}],\"inLanguage\":\"it-IT\"},{\"@type\":\"Organization\",\"@id\":\"https:\\\/\\\/wavemarket.online\\\/it\\\/#organization\",\"name\":\"WaveMarket\",\"alternateName\":\"WaveMarket\",\"url\":\"https:\\\/\\\/wavemarket.online\\\/it\\\/\",\"logo\":{\"@type\":\"ImageObject\",\"inLanguage\":\"it-IT\",\"@id\":\"https:\\\/\\\/wavemarket.online\\\/it\\\/#\\\/schema\\\/logo\\\/image\\\/\",\"url\":\"http:\\\/\\\/wavemarket.online\\\/wp-content\\\/uploads\\\/2023\\\/05\\\/wavemarket-favicon.png\",\"contentUrl\":\"http:\\\/\\\/wavemarket.online\\\/wp-content\\\/uploads\\\/2023\\\/05\\\/wavemarket-favicon.png\",\"width\":512,\"height\":512,\"caption\":\"WaveMarket\"},\"image\":{\"@id\":\"https:\\\/\\\/wavemarket.online\\\/it\\\/#\\\/schema\\\/logo\\\/image\\\/\"},\"sameAs\":[\"https:\\\/\\\/www.linkedin.com\\\/company\\\/wavemarket\\\/\"]}]}<\/script>\n<!-- \/ Yoast SEO plugin. -->","yoast_head_json":{"title":"Politica sulla riservatezza &#8212; WaveMarket","description":"Informazioni sui termini di utilizzo di wavemarket.online e su come prendiamo sul serio la privacy dei dati personali dei nostri clienti.","robots":{"index":"noindex","follow":"follow"},"og_locale":"it_IT","og_type":"article","og_title":"Politica sulla riservatezza &#8212; WaveMarket","og_description":"Informazioni sui termini di utilizzo di wavemarket.online e su come prendiamo sul serio la privacy dei dati personali dei nostri clienti.","og_url":"https:\/\/wavemarket.online\/it\/politica-sulla-riservatezza\/","og_site_name":"WaveMarket","article_modified_time":"2023-05-16T17:34:11+00:00","og_image":[{"width":1200,"height":675,"url":"https:\/\/wavemarket.online\/wp-content\/uploads\/2023\/05\/wavemarket-imagen-principal-web.png","type":"image\/png"}],"twitter_card":"summary_large_image","twitter_title":"Politica sulla riservatezza &#8212; WaveMarket","twitter_description":"Informazioni sui termini di utilizzo di wavemarket.online e su come prendiamo sul serio la privacy dei dati personali dei nostri clienti.","twitter_misc":{"Tempo di lettura stimato":"7 minuti"},"schema":{"@context":"https:\/\/schema.org","@graph":[{"@type":"WebPage","@id":"https:\/\/wavemarket.online\/it\/politica-sulla-riservatezza\/","url":"https:\/\/wavemarket.online\/it\/politica-sulla-riservatezza\/","name":"Politica sulla riservatezza &#8212; WaveMarket","isPartOf":{"@id":"https:\/\/wavemarket.online\/it\/#website"},"datePublished":"2023-04-18T14:35:18+00:00","dateModified":"2023-05-16T17:34:11+00:00","description":"Informazioni sui termini di utilizzo di wavemarket.online e su come prendiamo sul serio la privacy dei dati personali dei nostri clienti.","breadcrumb":{"@id":"https:\/\/wavemarket.online\/it\/politica-sulla-riservatezza\/#breadcrumb"},"inLanguage":"it-IT","potentialAction":[{"@type":"ReadAction","target":["https:\/\/wavemarket.online\/it\/politica-sulla-riservatezza\/"]}]},{"@type":"BreadcrumbList","@id":"https:\/\/wavemarket.online\/it\/politica-sulla-riservatezza\/#breadcrumb","itemListElement":[{"@type":"ListItem","position":1,"name":"Portada","item":"https:\/\/wavemarket.online\/it\/"},{"@type":"ListItem","position":2,"name":"Politica sulla riservatezza"}]},{"@type":"WebSite","@id":"https:\/\/wavemarket.online\/it\/#website","url":"https:\/\/wavemarket.online\/it\/","name":"wavemarket.online","description":"Vende m\u00e1s conectando tu negocio con Marketplaces","publisher":{"@id":"https:\/\/wavemarket.online\/it\/#organization"},"alternateName":"WaveMarket","potentialAction":[{"@type":"SearchAction","target":{"@type":"EntryPoint","urlTemplate":"https:\/\/wavemarket.online\/it\/?s={search_term_string}"},"query-input":{"@type":"PropertyValueSpecification","valueRequired":true,"valueName":"search_term_string"}}],"inLanguage":"it-IT"},{"@type":"Organization","@id":"https:\/\/wavemarket.online\/it\/#organization","name":"WaveMarket","alternateName":"WaveMarket","url":"https:\/\/wavemarket.online\/it\/","logo":{"@type":"ImageObject","inLanguage":"it-IT","@id":"https:\/\/wavemarket.online\/it\/#\/schema\/logo\/image\/","url":"http:\/\/wavemarket.online\/wp-content\/uploads\/2023\/05\/wavemarket-favicon.png","contentUrl":"http:\/\/wavemarket.online\/wp-content\/uploads\/2023\/05\/wavemarket-favicon.png","width":512,"height":512,"caption":"WaveMarket"},"image":{"@id":"https:\/\/wavemarket.online\/it\/#\/schema\/logo\/image\/"},"sameAs":["https:\/\/www.linkedin.com\/company\/wavemarket\/"]}]}},"_links":{"self":[{"href":"https:\/\/wavemarket.online\/it\/wp-json\/wp\/v2\/pages\/103944","targetHints":{"allow":["GET"]}}],"collection":[{"href":"https:\/\/wavemarket.online\/it\/wp-json\/wp\/v2\/pages"}],"about":[{"href":"https:\/\/wavemarket.online\/it\/wp-json\/wp\/v2\/types\/page"}],"author":[{"embeddable":true,"href":"https:\/\/wavemarket.online\/it\/wp-json\/wp\/v2\/users\/1"}],"replies":[{"embeddable":true,"href":"https:\/\/wavemarket.online\/it\/wp-json\/wp\/v2\/comments?post=103944"}],"version-history":[{"count":6,"href":"https:\/\/wavemarket.online\/it\/wp-json\/wp\/v2\/pages\/103944\/revisions"}],"predecessor-version":[{"id":103951,"href":"https:\/\/wavemarket.online\/it\/wp-json\/wp\/v2\/pages\/103944\/revisions\/103951"}],"wp:attachment":[{"href":"https:\/\/wavemarket.online\/it\/wp-json\/wp\/v2\/media?parent=103944"}],"curies":[{"name":"wp","href":"https:\/\/api.w.org\/{rel}","templated":true}]}}