{"id":103955,"date":"2023-04-18T16:35:29","date_gmt":"2023-04-18T14:35:29","guid":{"rendered":"https:\/\/wavemarket.online\/politica-sui-cookie\/"},"modified":"2023-05-16T19:53:58","modified_gmt":"2023-05-16T17:53:58","slug":"politica-sui-cookie","status":"publish","type":"page","link":"https:\/\/wavemarket.online\/it\/politica-sui-cookie\/","title":{"rendered":"Politica sui cookie"},"content":{"rendered":"<p>[et_pb_section fb_built=&#8221;1&#8243; _builder_version=&#8221;4.21.0&#8243; _module_preset=&#8221;default&#8221; global_colors_info=&#8221;{}&#8221;][et_pb_row column_structure=&#8221;1_5,3_5,1_5&#8243; _builder_version=&#8221;4.21.0&#8243; _module_preset=&#8221;default&#8221; width=&#8221;90%&#8221; global_colors_info=&#8221;{}&#8221;][et_pb_column type=&#8221;1_5&#8243; _builder_version=&#8221;4.21.0&#8243; _module_preset=&#8221;default&#8221; global_colors_info=&#8221;{}&#8221;][\/et_pb_column][et_pb_column type=&#8221;3_5&#8243; _builder_version=&#8221;4.21.0&#8243; _module_preset=&#8221;default&#8221; global_colors_info=&#8221;{}&#8221;][et_pb_text _builder_version=&#8221;4.21.0&#8243; _module_preset=&#8221;default&#8221; text_font=&#8221;Inter|300|||||||&#8221; text_text_color=&#8221;#4d4d4d&#8221; text_font_size=&#8221;18px&#8221; text_line_height=&#8221;1.5em&#8221; header_font=&#8221;Inter|500|||||||&#8221; header_text_color=&#8221;#212529&#8243; header_line_height=&#8221;1.2em&#8221; header_2_font=&#8221;Inter||||||||&#8221; header_2_text_color=&#8221;#212529&#8243; header_2_font_size=&#8221;32px&#8221; header_2_line_height=&#8221;1.2em&#8221; text_font_size_tablet=&#8221;16px&#8221; text_font_size_phone=&#8221;16px&#8221; text_font_size_last_edited=&#8221;on|desktop&#8221; header_font_size_tablet=&#8221;38px&#8221; header_font_size_phone=&#8221;38px&#8221; header_font_size_last_edited=&#8221;on|phone&#8221; header_2_font_size_tablet=&#8221;30px&#8221; header_2_font_size_phone=&#8221;26px&#8221; header_2_font_size_last_edited=&#8221;on|phone&#8221; global_colors_info=&#8221;{}&#8221;]<\/p>\n<h1>Politica sui Cookie<\/h1>\n<p>Benvenuto nella Cookies Policy del sito web <a id=\"link-p-b\" href=\"https:\/\/wavemarket.online\/it\/\" rel=\"noopener noreferrer\" target=\"_blank\">wavemarket.online<\/a>, dove spiegheremo in un linguaggio chiaro e semplice tutte le questioni necessarie affinch\u00e9 tu possa averne il controllo in base alle tue decisioni personali.<\/p>\n<h2>1. Cosa sono i cookie e per cosa li utilizziamo?<\/h2>\n<p>Un cookie o cookie informatico \u00e8 un piccolo file di informazioni che viene memorizzato sul tuo computer, &#8220;smartphone&#8221; o tablet ogni volta che visiti il \u200b\u200bnostro sito web.<\/p>\n<p>In linea di principio, un cookie \u00e8 innocuo: non contiene virus, trojan, worm, ecc&#8230; che possono danneggiare il tuo terminale, ma ha un certo impatto sul tuo diritto alla protezione dei tuoi dati personali, poich\u00e9 raccoglie alcuni informazioni che riguardano la tua persona (abitudini di navigazione, identit\u00e0, preferenze, ecc\u2026).<\/p>\n<p>Per questo motivo, in base a quanto previsto dalla normativa applicabile (LSSI e normativa vigente in materia di protezione dei dati personali), l&#8217;attivazione di alcune tipologie di cookie richieder\u00e0 la tua preventiva autorizzazione.<\/p>\n<p>Prima di ci\u00f2, ti forniremo alcune informazioni aggiuntive che ti aiuteranno a prendere decisioni migliori al riguardo:<\/p>\n<p><b>1.)<\/b> I cookie possono essere di vario tipo a seconda della loro finalit\u00e0:<\/p>\n<p>\u2013 I cookie tecnici sono necessari per il funzionamento del nostro sito web, non necessitano della tua autorizzazione e sono gli unici che abbiamo attivato di default.<\/p>\n<p>\u2013 Il resto dei cookie serve a migliorare la nostra pagina, a personalizzarla in base alle tue preferenze, o per poterti mostrare pubblicit\u00e0 su misura per le tue ricerche, gusti e interessi personali. Puoi accettare tutti questi cookie facendo clic sul pulsante &#8220;Accetta&#8221;, configurarli o rifiutarne l&#8217;uso facendo clic sulla sezione &#8220;Impostazioni cookie&#8221;.<\/p>\n<p><b>2.)<\/b> Alcuni cookie sono nostri (li chiameremo cookie proprietari) e altri appartengono a societ\u00e0 esterne che forniscono servizi per il nostro sito Web (li chiameremo cookie di terze parti: un esempio potrebbero essere i cookie di fornitori esterni come Google). In questo senso, \u00e8 importante che tu sappia che alcuni di questi fornitori esterni potrebbero trovarsi al di fuori della Spagna.<\/p>\n<p>In tutto il mondo, non tutti i paesi hanno lo stesso livello di protezione dei dati, con alcuni paesi pi\u00f9 sicuri di altri (ad esempio, l&#8217;Unione Europea \u00e8 un ambiente sicuro per i tuoi dati). La nostra politica \u00e8 quella di utilizzare fornitori affidabili che, indipendentemente dal fatto che si trovino o meno nell&#8217;Unione Europea, abbiano adottato le opportune garanzie per la protezione dei tuoi dati personali. Tuttavia, nella sezione denominata Che tipo di cookie sono attualmente utilizzati sul nostro sito Web?, \u00e8 possibile consultare le diverse politiche di privacy e protezione dei dati di ciascuno dei suddetti fornitori esterni, al fine di prendere una decisione consapevole in merito all&#8217;attivazione o meno di terzi cookie di terze parti utilizzati dal nostro sito web.<\/p>\n<p><b>3.)<\/b> Infine, vorrei informarti che, a seconda del periodo di tempo in cui rimangono attivi, i cookie possono essere di due tipi:<\/p>\n<p>\u2013 <u>Cookies de sesi\u00f3n<\/u>: scadono automaticamente quando termini la sessione sul tuo computer, \u201csmartphone\u201d o tablet. Di solito vengono utilizzati per conservare le informazioni necessarie mentre ti viene fornito un servizio in una singola occasione.<\/p>\n<p>\u2013 <u>Cookies persistentes<\/u>: rimangono memorizzati sul tuo computer, \u201csmartphone\u201d o tablet per un determinato periodo, che pu\u00f2 variare da pochi minuti a diversi anni.<\/p>\n<h2>2. Che tipo di cookie possiamo utilizzare sul nostro sito Web?<\/h2>\n<p><u>Cookie Tecnici<\/u><\/p>\n<p>I cookie tecnici sono strettamente necessari al funzionamento del nostro sito e alla tua navigazione. Questi tipi di cookie sono quelli che, ad esempio, ci consentono di identificarti, darti accesso ad alcune parti riservate della pagina se necessario, o ricordare diverse opzioni o servizi gi\u00e0 selezionati da te, come le tue preferenze sulla privacy. Pertanto, <b>sono attivati \u200b\u200bper impostazione predefinita e la tua autorizzazione non \u00e8 richiesta al riguardo<\/b>.<\/p>\n<p>Attraverso la configurazione del tuo browser, puoi bloccare o avvisare della presenza di questo tipo di cookie, sebbene tale blocco influir\u00e0 sul corretto funzionamento delle diverse funzionalit\u00e0 del nostro sito web.<\/p>\n<p><u>Cookie di Analisi<\/u><\/p>\n<p>I cookie di analisi ci consentono di studiare la navigazione degli utenti della nostra pagina web in generale (ad esempio, quali sezioni della pagina sono le pi\u00f9 visitate, quali servizi sono maggiormente utilizzati e se funzionano correttamente, ecc&#8230;).<\/p>\n<p>Sulla base delle informazioni statistiche sulla navigazione sul nostro sito Web, possiamo migliorare sia il funzionamento della pagina stessa che i diversi servizi che offre. Pertanto, questi cookie <b>non hanno uno scopo pubblicitario<\/b>, ma servono solo a far funzionare meglio il nostro sito Web, adattandosi ai nostri utenti in generale.<\/p>\n<p>Attivandoli contribuirai a questo miglioramento continuo.<\/p>\n<p><b>Puoi attivare o disattivare questi cookie spuntando la casella corrispondente<\/b>, essendo disattivati \u200b\u200bper impostazione predefinita.<\/p>\n<p><u>Cookie di Funzionalit\u00e0 e Personalizzazione<\/u><\/p>\n<p>I cookie di funzionalit\u00e0 ci consentono di ricordare le tue preferenze, di personalizzare alcune caratteristiche e opzioni generali del nostro sito Web per adattarle a te, ogni volta che accedi (ad esempio, la lingua in cui ti vengono presentate le informazioni, le sezioni contrassegnate come preferite, il tuo tipo di browser, ecc\u2026).<\/p>\n<p>Pertanto, questi tipi di cookie <b>non hanno uno scopo pubblicitario<\/b>, ma attivandoli migliorerai la funzionalit\u00e0 della pagina Web (ad esempio, adattandoti al tuo tipo di browser) e personalizzandola in base alle tue preferenze (ad esempio, presentando il informazioni nella lingua che hai scelto in precedenti occasioni), che contribuiranno alla facilit\u00e0, all&#8217;usabilit\u00e0 e al comfort della nostra pagina durante la tua navigazione.<\/p>\n<p><b>Puoi attivare o disattivare questi cookie spuntando la casella corrispondente<\/b>, essendo disattivati \u200b\u200bper impostazione predefinita.<\/p>\n<p><u>Cookie Pubblicitari<\/u><\/p>\n<p>I cookie pubblicitari ci consentono di gestire gli spazi pubblicitari inclusi nel nostro sito Web in base a criteri quali il contenuto visualizzato o la frequenza con cui vengono visualizzati gli annunci.<\/p>\n<p>Ad esempio, se ti \u00e8 stata mostrata pi\u00f9 volte la stessa pubblicit\u00e0 sul nostro sito Web e non hai mostrato alcun interesse personale cliccandoci sopra, non verr\u00e0 pi\u00f9 visualizzata. In breve, attivando questo tipo di cookie, la pubblicit\u00e0 visualizzata sul nostro sito Web sar\u00e0 pi\u00f9 utile e diversificata e meno ripetitiva.<\/p>\n<p><b>Puoi attivare o disattivare questi cookie spuntando la casella corrispondente<\/b>, essendo disattivati \u200b\u200bper impostazione predefinita.<\/p>\n<p><u>Cookie Pubblicitari Comportamentali<\/u><\/p>\n<p>I cookie di pubblicit\u00e0 comportamentale ci consentono di ottenere informazioni basate sull&#8217;osservazione delle tue abitudini e comportamenti di navigazione sul web, al fine di poterti mostrare contenuti pubblicitari che meglio si adattano ai tuoi gusti e interessi personali.<\/p>\n<p>Affinch\u00e9 tu lo capisca in modo molto semplice, ti facciamo un esempio fittizio: se le tue ultime ricerche sul web fossero relative alla letteratura di suspense, ti mostreremmo annunci di libri di suspense.<\/p>\n<p>Pertanto, attivando questo tipo di cookie, la pubblicit\u00e0 che ti mostreremo sul nostro sito non sar\u00e0 generica, ma sar\u00e0 orientata alle tue ricerche, gusti e interessi, adattandosi quindi esclusivamente a te.<\/p>\n<p><b>Puoi attivare o disattivare questi cookie spuntando la casella corrispondente<\/b>, essendo disattivati \u200b\u200bper impostazione predefinita.<\/p>\n<h2>3. Cosa puoi fare con i cookie?<\/h2>\n<p>Quando accedi per la prima volta al nostro sito web, ti verr\u00e0 mostrata una finestra nella quale ti informiamo che i cookie possono essere di vario tipo:<\/p>\n<p>&#8211; I cookie tecnici sono necessari per il funzionamento del nostro sito web, non necessitano della tua autorizzazione e sono gli unici che abbiamo attivato di default.<\/p>\n<p>&#8211; Il resto dei cookie serve a migliorare la nostra pagina, a personalizzarla in base alle tue preferenze, o per poterti mostrare pubblicit\u00e0 su misura per le tue ricerche, gusti e interessi personali. Puoi accettare tutti questi cookie facendo clic sul pulsante <b>Accetta<\/b>, configurarli o rifiutarne l&#8217;uso facendo clic sulla sezione <b>Impostazioni cookie<\/b>.<\/p>\n<p>Ti informiamo inoltre che, una volta attivato qualsiasi tipo di cookie, hai la possibilit\u00e0 di disattivarli in qualsiasi momento lo desideri, con il semplice passaggio di deselezionare la casella corrispondente nella sezione <b>Configurazione cookie<\/b> del nostro sito web. Sar\u00e0 sempre facile per te attivare i nostri cookie cos\u00ec come disattivarli.<\/p>\n<p>Ti ricordiamo inoltre che, attraverso la configurazione del tuo browser, puoi bloccare o avvisare della presenza di cookie, sebbene tale blocco possa influire sul corretto funzionamento delle diverse funzionalit\u00e0 del nostro sito Web nel caso di cookie tecnici necessari.<\/p>\n<p>Ti segnaliamo infine che se attivi i <b>cookie di terze parti<\/b> (societ\u00e0 esterne che forniscono servizi per il nostro sito web) e successivamente desideri disattivarli, puoi farlo in due modi: utilizzando gli strumenti di disattivazione dei cookie del tuo browser o tramite i sistemi abilitati stessi da tali fornitori di terze parti.<\/p>\n<p>Per semplificarti le cose, ecco una serie di link alle linee guida per la disattivazione dei cookie per i browser di uso comune:<\/p>\n<p>&#8211; <a id=\"link-p-b\" href=\"https:\/\/support.google.com\/chrome\/answer\/95647?hl=es\" target=\"_blank\" rel=\"noopener\">Google Chrome<\/a><br \/>\n&#8211; <a id=\"link-p-b\" href=\"https:\/\/support.google.com\/accounts\/answer\/61416?co=GENIE.Platform%3DAndroid&amp;hl=es&amp;oco=1\" target=\"_blank\" rel=\"noopener\">Google Chrome per Android<\/a><br \/>\n&#8211; <a id=\"link-p-b\" href=\"https:\/\/support.google.com\/accounts\/answer\/61416?co=GENIE.Platform%3DiOS&amp;hl=es&amp;oco=1\" target=\"_blank\" rel=\"noopener\">Google Chrome per iPhone y iPad<\/a><br \/>\n&#8211; <a id=\"link-p-b\" href=\"https:\/\/support.mozilla.org\/es\/kb\/habilitar-y-deshabilitar-cookies-sitios-web-rastrear-preferencias?redirectlocale=es&amp;redirectslug=habilitar-y-deshabilitar-cookies-que-los-sitios-we\" target=\"_blank\" rel=\"noopener\">Mozilla Firefox<\/a><br \/>\n&#8211; <a id=\"link-p-b\" href=\"https:\/\/support.microsoft.com\/es-es\/windows\/eliminar-y-administrar-cookies-168dab11-0753-043d-7c16-ede5947fc64d\" target=\"_blank\" rel=\"noopener\">Internet Explorer<\/a><br \/>\n&#8211; <a id=\"link-p-b\" href=\"https:\/\/support.apple.com\/es-es\/guide\/safari\/sfri11471\/mac\" target=\"_blank\" rel=\"noopener\">Safari<\/a><br \/>\n&#8211; <a id=\"link-p-b\" href=\"https:\/\/support.apple.com\/es-es\/HT201265\" target=\"_blank\" rel=\"noopener\">Safari per iOS (iPhone e iPad)<\/a><br \/>\n&#8211; <a id=\"link-p-b\" href=\"https:\/\/help.opera.com\/en\/latest\/security-and-privacy\/\" target=\"_blank\" rel=\"noopener\">Opera<\/a><\/p>\n<p>Parimenti riportiamo i link ai propri sistemi abilitati da ciascuno dei suddetti fornitori esterni per la disattivazione dei propri cookie:<\/p>\n<p>&#8211; <a id=\"link-p-b\" href=\"https:\/\/policies.google.com\/privacy?hl=es\" target=\"_blank\" rel=\"noopener\">Norme sulla privacy di Google<\/a><br \/>\n&#8211; <a id=\"link-p-b\" href=\"https:\/\/es.wordpress.org\/about\/privacy\/\" target=\"_blank\" rel=\"noopener\">Informativa sulla privacy di WordPress<\/a><br \/>\n&#8211; <a id=\"link-p-b\" href=\"https:\/\/www.elegantthemes.com\/policy\/privacy\/\" target=\"_blank\" rel=\"noopener\">Informativa sulla privacy di Elegant Themes<\/a>[\/et_pb_text][et_pb_divider _builder_version=&#8221;4.21.0&#8243; _module_preset=&#8221;default&#8221; module_alignment=&#8221;center&#8221; custom_margin=&#8221;0px||0px||false|false&#8221; custom_padding=&#8221;0px||0px||false|false&#8221; global_colors_info=&#8221;{}&#8221;][\/et_pb_divider][et_pb_text _builder_version=&#8221;4.21.0&#8243; _module_preset=&#8221;default&#8221; text_font=&#8221;Inter|300|||||||&#8221; text_text_color=&#8221;#4d4d4d&#8221; text_font_size=&#8221;18px&#8221; text_line_height=&#8221;1.5em&#8221; header_font=&#8221;Inter|500|||||||&#8221; header_text_color=&#8221;#212529&#8243; header_line_height=&#8221;1.2em&#8221; header_2_font=&#8221;Inter||||||||&#8221; header_2_text_color=&#8221;#212529&#8243; header_2_font_size=&#8221;32px&#8221; header_2_line_height=&#8221;1.2em&#8221; text_font_size_tablet=&#8221;16px&#8221; text_font_size_phone=&#8221;16px&#8221; text_font_size_last_edited=&#8221;on|desktop&#8221; header_font_size_tablet=&#8221;38px&#8221; header_font_size_phone=&#8221;38px&#8221; header_font_size_last_edited=&#8221;on|phone&#8221; header_2_font_size_tablet=&#8221;30px&#8221; header_2_font_size_phone=&#8221;26px&#8221; header_2_font_size_last_edited=&#8221;on|phone&#8221; global_colors_info=&#8221;{}&#8221;]La Politica sui Cookie \u00e8 stata aggiornata l&#8217;ultima volta il 05-08-2023.[\/et_pb_text][\/et_pb_column][et_pb_column type=&#8221;1_5&#8243; _builder_version=&#8221;4.21.0&#8243; _module_preset=&#8221;default&#8221; global_colors_info=&#8221;{}&#8221;][\/et_pb_column][\/et_pb_row][\/et_pb_section]<\/p>\n","protected":false},"excerpt":{"rendered":"<p>Politica sui Cookie Benvenuto nella Cookies Policy del sito web wavemarket.online, dove spiegheremo in un linguaggio chiaro e semplice tutte le questioni necessarie affinch\u00e9 tu possa averne il controllo in base alle tue decisioni personali. 1. Cosa sono i cookie e per cosa li utilizziamo? Un cookie o cookie informatico \u00e8 un piccolo file di [&hellip;]<\/p>\n","protected":false},"author":1,"featured_media":0,"parent":0,"menu_order":0,"comment_status":"closed","ping_status":"closed","template":"","meta":{"_et_pb_use_builder":"on","_et_pb_old_content":"","_et_gb_content_width":"","inline_featured_image":false,"footnotes":""},"class_list":["post-103955","page","type-page","status-publish","hentry"],"yoast_head":"<!-- This site is optimized with the Yoast SEO plugin v27.4 - https:\/\/yoast.com\/product\/yoast-seo-wordpress\/ -->\n<title>Politica sui cookie &#8212; WaveMarket<\/title>\n<meta name=\"description\" content=\"Dettagli su come utilizziamo i cookie su wavemarket.online. Link utili per saperne di pi\u00f9 sui tipi di cookie e sulla loro legislazione.\" \/>\n<meta name=\"robots\" content=\"noindex, follow\" \/>\n<meta property=\"og:locale\" content=\"it_IT\" \/>\n<meta property=\"og:type\" content=\"article\" \/>\n<meta property=\"og:title\" content=\"Politica sui cookie &#8212; WaveMarket\" \/>\n<meta property=\"og:description\" content=\"Dettagli su come utilizziamo i cookie su wavemarket.online. Link utili per saperne di pi\u00f9 sui tipi di cookie e sulla loro legislazione.\" \/>\n<meta property=\"og:url\" content=\"https:\/\/wavemarket.online\/it\/politica-sui-cookie\/\" \/>\n<meta property=\"og:site_name\" content=\"WaveMarket\" \/>\n<meta property=\"article:modified_time\" content=\"2023-05-16T17:53:58+00:00\" \/>\n<meta property=\"og:image\" content=\"https:\/\/wavemarket.online\/wp-content\/uploads\/2023\/05\/wavemarket-imagen-principal-web.png\" \/>\n\t<meta property=\"og:image:width\" content=\"1200\" \/>\n\t<meta property=\"og:image:height\" content=\"675\" \/>\n\t<meta property=\"og:image:type\" content=\"image\/png\" \/>\n<meta name=\"twitter:card\" content=\"summary_large_image\" \/>\n<meta name=\"twitter:title\" content=\"Politica sui cookie &#8212; WaveMarket\" \/>\n<meta name=\"twitter:description\" content=\"Dettagli su come utilizziamo i cookie su wavemarket.online. Link utili per saperne di pi\u00f9 sui tipi di cookie e sulla loro legislazione.\" \/>\n<meta name=\"twitter:label1\" content=\"Tempo di lettura stimato\" \/>\n\t<meta name=\"twitter:data1\" content=\"9 minuti\" \/>\n<script type=\"application\/ld+json\" class=\"yoast-schema-graph\">{\"@context\":\"https:\\\/\\\/schema.org\",\"@graph\":[{\"@type\":\"WebPage\",\"@id\":\"https:\\\/\\\/wavemarket.online\\\/it\\\/politica-sui-cookie\\\/\",\"url\":\"https:\\\/\\\/wavemarket.online\\\/it\\\/politica-sui-cookie\\\/\",\"name\":\"Politica sui cookie &#8212; WaveMarket\",\"isPartOf\":{\"@id\":\"https:\\\/\\\/wavemarket.online\\\/it\\\/#website\"},\"datePublished\":\"2023-04-18T14:35:29+00:00\",\"dateModified\":\"2023-05-16T17:53:58+00:00\",\"description\":\"Dettagli su come utilizziamo i cookie su wavemarket.online. Link utili per saperne di pi\u00f9 sui tipi di cookie e sulla loro legislazione.\",\"breadcrumb\":{\"@id\":\"https:\\\/\\\/wavemarket.online\\\/it\\\/politica-sui-cookie\\\/#breadcrumb\"},\"inLanguage\":\"it-IT\",\"potentialAction\":[{\"@type\":\"ReadAction\",\"target\":[\"https:\\\/\\\/wavemarket.online\\\/it\\\/politica-sui-cookie\\\/\"]}]},{\"@type\":\"BreadcrumbList\",\"@id\":\"https:\\\/\\\/wavemarket.online\\\/it\\\/politica-sui-cookie\\\/#breadcrumb\",\"itemListElement\":[{\"@type\":\"ListItem\",\"position\":1,\"name\":\"Portada\",\"item\":\"https:\\\/\\\/wavemarket.online\\\/it\\\/\"},{\"@type\":\"ListItem\",\"position\":2,\"name\":\"Politica sui cookie\"}]},{\"@type\":\"WebSite\",\"@id\":\"https:\\\/\\\/wavemarket.online\\\/it\\\/#website\",\"url\":\"https:\\\/\\\/wavemarket.online\\\/it\\\/\",\"name\":\"wavemarket.online\",\"description\":\"Vende m\u00e1s conectando tu negocio con Marketplaces\",\"publisher\":{\"@id\":\"https:\\\/\\\/wavemarket.online\\\/it\\\/#organization\"},\"alternateName\":\"WaveMarket\",\"potentialAction\":[{\"@type\":\"SearchAction\",\"target\":{\"@type\":\"EntryPoint\",\"urlTemplate\":\"https:\\\/\\\/wavemarket.online\\\/it\\\/?s={search_term_string}\"},\"query-input\":{\"@type\":\"PropertyValueSpecification\",\"valueRequired\":true,\"valueName\":\"search_term_string\"}}],\"inLanguage\":\"it-IT\"},{\"@type\":\"Organization\",\"@id\":\"https:\\\/\\\/wavemarket.online\\\/it\\\/#organization\",\"name\":\"WaveMarket\",\"alternateName\":\"WaveMarket\",\"url\":\"https:\\\/\\\/wavemarket.online\\\/it\\\/\",\"logo\":{\"@type\":\"ImageObject\",\"inLanguage\":\"it-IT\",\"@id\":\"https:\\\/\\\/wavemarket.online\\\/it\\\/#\\\/schema\\\/logo\\\/image\\\/\",\"url\":\"http:\\\/\\\/wavemarket.online\\\/wp-content\\\/uploads\\\/2023\\\/05\\\/wavemarket-favicon.png\",\"contentUrl\":\"http:\\\/\\\/wavemarket.online\\\/wp-content\\\/uploads\\\/2023\\\/05\\\/wavemarket-favicon.png\",\"width\":512,\"height\":512,\"caption\":\"WaveMarket\"},\"image\":{\"@id\":\"https:\\\/\\\/wavemarket.online\\\/it\\\/#\\\/schema\\\/logo\\\/image\\\/\"},\"sameAs\":[\"https:\\\/\\\/www.linkedin.com\\\/company\\\/wavemarket\\\/\"]}]}<\/script>\n<!-- \/ Yoast SEO plugin. -->","yoast_head_json":{"title":"Politica sui cookie &#8212; WaveMarket","description":"Dettagli su come utilizziamo i cookie su wavemarket.online. Link utili per saperne di pi\u00f9 sui tipi di cookie e sulla loro legislazione.","robots":{"index":"noindex","follow":"follow"},"og_locale":"it_IT","og_type":"article","og_title":"Politica sui cookie &#8212; WaveMarket","og_description":"Dettagli su come utilizziamo i cookie su wavemarket.online. Link utili per saperne di pi\u00f9 sui tipi di cookie e sulla loro legislazione.","og_url":"https:\/\/wavemarket.online\/it\/politica-sui-cookie\/","og_site_name":"WaveMarket","article_modified_time":"2023-05-16T17:53:58+00:00","og_image":[{"width":1200,"height":675,"url":"https:\/\/wavemarket.online\/wp-content\/uploads\/2023\/05\/wavemarket-imagen-principal-web.png","type":"image\/png"}],"twitter_card":"summary_large_image","twitter_title":"Politica sui cookie &#8212; WaveMarket","twitter_description":"Dettagli su come utilizziamo i cookie su wavemarket.online. Link utili per saperne di pi\u00f9 sui tipi di cookie e sulla loro legislazione.","twitter_misc":{"Tempo di lettura stimato":"9 minuti"},"schema":{"@context":"https:\/\/schema.org","@graph":[{"@type":"WebPage","@id":"https:\/\/wavemarket.online\/it\/politica-sui-cookie\/","url":"https:\/\/wavemarket.online\/it\/politica-sui-cookie\/","name":"Politica sui cookie &#8212; WaveMarket","isPartOf":{"@id":"https:\/\/wavemarket.online\/it\/#website"},"datePublished":"2023-04-18T14:35:29+00:00","dateModified":"2023-05-16T17:53:58+00:00","description":"Dettagli su come utilizziamo i cookie su wavemarket.online. Link utili per saperne di pi\u00f9 sui tipi di cookie e sulla loro legislazione.","breadcrumb":{"@id":"https:\/\/wavemarket.online\/it\/politica-sui-cookie\/#breadcrumb"},"inLanguage":"it-IT","potentialAction":[{"@type":"ReadAction","target":["https:\/\/wavemarket.online\/it\/politica-sui-cookie\/"]}]},{"@type":"BreadcrumbList","@id":"https:\/\/wavemarket.online\/it\/politica-sui-cookie\/#breadcrumb","itemListElement":[{"@type":"ListItem","position":1,"name":"Portada","item":"https:\/\/wavemarket.online\/it\/"},{"@type":"ListItem","position":2,"name":"Politica sui cookie"}]},{"@type":"WebSite","@id":"https:\/\/wavemarket.online\/it\/#website","url":"https:\/\/wavemarket.online\/it\/","name":"wavemarket.online","description":"Vende m\u00e1s conectando tu negocio con Marketplaces","publisher":{"@id":"https:\/\/wavemarket.online\/it\/#organization"},"alternateName":"WaveMarket","potentialAction":[{"@type":"SearchAction","target":{"@type":"EntryPoint","urlTemplate":"https:\/\/wavemarket.online\/it\/?s={search_term_string}"},"query-input":{"@type":"PropertyValueSpecification","valueRequired":true,"valueName":"search_term_string"}}],"inLanguage":"it-IT"},{"@type":"Organization","@id":"https:\/\/wavemarket.online\/it\/#organization","name":"WaveMarket","alternateName":"WaveMarket","url":"https:\/\/wavemarket.online\/it\/","logo":{"@type":"ImageObject","inLanguage":"it-IT","@id":"https:\/\/wavemarket.online\/it\/#\/schema\/logo\/image\/","url":"http:\/\/wavemarket.online\/wp-content\/uploads\/2023\/05\/wavemarket-favicon.png","contentUrl":"http:\/\/wavemarket.online\/wp-content\/uploads\/2023\/05\/wavemarket-favicon.png","width":512,"height":512,"caption":"WaveMarket"},"image":{"@id":"https:\/\/wavemarket.online\/it\/#\/schema\/logo\/image\/"},"sameAs":["https:\/\/www.linkedin.com\/company\/wavemarket\/"]}]}},"_links":{"self":[{"href":"https:\/\/wavemarket.online\/it\/wp-json\/wp\/v2\/pages\/103955","targetHints":{"allow":["GET"]}}],"collection":[{"href":"https:\/\/wavemarket.online\/it\/wp-json\/wp\/v2\/pages"}],"about":[{"href":"https:\/\/wavemarket.online\/it\/wp-json\/wp\/v2\/types\/page"}],"author":[{"embeddable":true,"href":"https:\/\/wavemarket.online\/it\/wp-json\/wp\/v2\/users\/1"}],"replies":[{"embeddable":true,"href":"https:\/\/wavemarket.online\/it\/wp-json\/wp\/v2\/comments?post=103955"}],"version-history":[{"count":5,"href":"https:\/\/wavemarket.online\/it\/wp-json\/wp\/v2\/pages\/103955\/revisions"}],"predecessor-version":[{"id":103960,"href":"https:\/\/wavemarket.online\/it\/wp-json\/wp\/v2\/pages\/103955\/revisions\/103960"}],"wp:attachment":[{"href":"https:\/\/wavemarket.online\/it\/wp-json\/wp\/v2\/media?parent=103955"}],"curies":[{"name":"wp","href":"https:\/\/api.w.org\/{rel}","templated":true}]}}