{"id":104339,"date":"2023-05-23T14:08:10","date_gmt":"2023-05-23T12:08:10","guid":{"rendered":"https:\/\/wavemarket.online\/aggiornamento\/"},"modified":"2026-03-20T11:44:40","modified_gmt":"2026-03-20T10:44:40","slug":"aggiornamento","status":"publish","type":"page","link":"https:\/\/wavemarket.online\/it\/aggiornamento\/","title":{"rendered":"Aggiornamento"},"content":{"rendered":"<p>[et_pb_section fb_built=&#8221;1&#8243; custom_padding_last_edited=&#8221;on|desktop&#8221; admin_label=&#8221;Cabecera&#8221; _builder_version=&#8221;4.20.4&#8243; background_color=&#8221;#ffffff&#8221; background_enable_image=&#8221;off&#8221; background_blend=&#8221;overlay&#8221; custom_padding=&#8221;100px|0px|50px|0px|false|false&#8221; custom_padding_tablet=&#8221;50px||50px||false|false&#8221; custom_padding_phone=&#8221;25px||25px||false|false&#8221; animation_direction=&#8221;top&#8221; locked=&#8221;off&#8221; collapsed=&#8221;off&#8221; global_colors_info=&#8221;{}&#8221;][et_pb_row admin_label=&#8221;Row&#8221; _builder_version=&#8221;4.20.2&#8243; background_color=&#8221;#FFFFFF&#8221; custom_margin=&#8221;|||&#8221; custom_width_px=&#8221;1280px&#8221; global_colors_info=&#8221;{}&#8221;][et_pb_column type=&#8221;4_4&#8243; _builder_version=&#8221;4.20.2&#8243; custom_padding=&#8221;|||&#8221; global_colors_info=&#8221;{}&#8221; custom_padding__hover=&#8221;|||&#8221;][et_pb_text admin_label=&#8221;Titular&#8221; _builder_version=&#8221;4.21.0&#8243; header_font=&#8221;Inter|500|||||||&#8221; header_text_align=&#8221;center&#8221; header_text_color=&#8221;#212529&#8243; header_line_height=&#8221;1.2em&#8221; background_layout=&#8221;dark&#8221; custom_padding=&#8221;|||&#8221; header_font_size_tablet=&#8221;38px&#8221; header_font_size_phone=&#8221;38px&#8221; header_font_size_last_edited=&#8221;on|phone&#8221; locked=&#8221;off&#8221; global_colors_info=&#8221;{}&#8221;]<\/p>\n<h1>Blog di wavemarket<\/h1>\n<p>[\/et_pb_text][et_pb_text admin_label=&#8221;Destacados&#8221; _builder_version=&#8221;4.21.0&#8243; text_font=&#8221;Inter|300|||||||&#8221; text_text_color=&#8221;#4d4d4d&#8221; text_font_size=&#8221;18px&#8221; text_orientation=&#8221;center&#8221; custom_padding=&#8221;||0px||false|false&#8221; text_font_size_tablet=&#8221;16px&#8221; text_font_size_phone=&#8221;16px&#8221; text_font_size_last_edited=&#8221;on|desktop&#8221; locked=&#8221;off&#8221; global_colors_info=&#8221;{}&#8221;]<\/p>\n<p>Ultime notizie, novit\u00e0, le funzionalit\u00e0 pi\u00f9 recenti e tutti i nostri consigli per vendere sui Marketplace.<\/p>\n<p>[\/et_pb_text][\/et_pb_column][\/et_pb_row][\/et_pb_section][et_pb_section fb_built=&#8221;1&#8243; admin_label=&#8221;Blog &#8211; Style 38&#8243; module_id=&#8221;blog-38&#8243; _builder_version=&#8221;4.21.0&#8243; _module_preset=&#8221;2584d46c-1c9e-4aa8-9943-5eb8ce5e1446&#8243; background_enable_color=&#8221;off&#8221; custom_margin=&#8221;||||false|false&#8221; custom_padding=&#8221;10px||25px||false|false&#8221; collapsed=&#8221;off&#8221; global_colors_info=&#8221;{}&#8221;][et_pb_row admin_label=&#8221;Blog &#8211; Style 38&#8243; _builder_version=&#8221;4.16&#8243; _module_preset=&#8221;c7676772-0cc2-4086-bd7e-83eae20a6331&#8243; locked=&#8221;off&#8221; collapsed=&#8221;off&#8221; global_colors_info=&#8221;{}&#8221;][et_pb_column type=&#8221;4_4&#8243; _builder_version=&#8221;4.16&#8243; _module_preset=&#8221;default&#8221; custom_css_main_element=&#8221;width: 100% !important;&#8221; global_colors_info=&#8221;{}&#8221;][et_pb_blog fullwidth=&#8221;off&#8221; posts_number=&#8221;8&#8243; include_categories=&#8221;all&#8221; meta_date=&#8221;j M, Y&#8221; excerpt_length=&#8221;96&#8243; show_more=&#8221;on&#8221; show_author=&#8221;off&#8221; show_date=&#8221;off&#8221; module_class=&#8221;blog-style-38 pa-blog-equal-height&#8221; _builder_version=&#8221;4.21.0&#8243; _module_preset=&#8221;default&#8221; header_font=&#8221;Inter||||||||&#8221; header_text_align=&#8221;left&#8221; header_text_color=&#8221;#212529&#8243; header_font_size=&#8221;32px&#8221; header_line_height=&#8221;1.2em&#8221; body_font=&#8221;Inter|300|||||||&#8221; body_text_align=&#8221;left&#8221; body_text_color=&#8221;#4d4d4d&#8221; body_font_size=&#8221;18px&#8221; meta_font=&#8221;Inter|300|||||||&#8221; meta_text_align=&#8221;left&#8221; meta_text_color=&#8221;#8748fb&#8221; meta_font_size=&#8221;16px&#8221; meta_line_height=&#8221;1.4em&#8221; read_more_font=&#8221;Inter||||||||&#8221; read_more_text_color=&#8221;#ffffff&#8221; read_more_font_size=&#8221;18px&#8221; read_more_line_height=&#8221;1.5em&#8221; pagination_font=&#8221;Inter|||on|||||&#8221; pagination_text_color=&#8221;#212529&#8243; pagination_font_size=&#8221;15px&#8221; hover_enabled=&#8221;0&#8243; header_font_size_tablet=&#8221;30px&#8221; header_font_size_phone=&#8221;26px&#8221; header_font_size_last_edited=&#8221;on|phone&#8221; body_font_size_tablet=&#8221;18px&#8221; body_font_size_phone=&#8221;16px&#8221; body_font_size_last_edited=&#8221;on|phone&#8221; meta_font_size_phone=&#8221;15px&#8221; meta_font_size_last_edited=&#8221;off|phone&#8221; meta_line_height_tablet=&#8221;&#8221; meta_line_height_phone=&#8221;1.3em&#8221; meta_line_height_last_edited=&#8221;on|desktop&#8221; custom_css_title=&#8221;padding-left:15px;||padding-right:15px;||padding-top:15px;&#8221; custom_css_content=&#8221;font-weight:400;||padding-left:15px;||padding-right:15px;||padding-bottom:15px;&#8221; custom_css_post_meta=&#8221;font-weight:400;||padding-left:15px;||padding-right:15px;||margin-bottom: 50px;||margin-top:5px;&#8221; custom_css_read_more=&#8221;font-size: 14px !important;||padding-left:15px;||padding-right:15px;||padding-bottom:30px;&#8221; border_color_all=&#8221;#dcdcdc&#8221; box_shadow_style=&#8221;preset2&#8243; box_shadow_color=&#8221;rgba(135,72,251,0.5)&#8221; global_colors_info=&#8221;{}&#8221; pagination_letter_spacing__hover=&#8221;0px&#8221; pagination_letter_spacing__hover_enabled=&#8221;on|desktop&#8221; custom_css_main_element_last_edited=&#8221;off|phone&#8221; custom_css_post_meta_last_edited=&#8221;on|phone&#8221; custom_css_post_meta_phone=&#8221;margin-top: 15px;||margin-bottom:50px;||padding-left: 15px !important;||padding-right: 15px;||font-weight:400;&#8221; custom_css_title_last_edited=&#8221;off|tablet&#8221; custom_css_post_meta_tablet=&#8221;font-weight:400;||padding-left:15px;||padding-right:15px;||margin-bottom: 50px;||margin-top:5px;&#8221; sticky_enabled=&#8221;0&#8243;][\/et_pb_blog][et_pb_code _builder_version=&#8221;4.21.0&#8243; _module_preset=&#8221;default&#8221; global_colors_info=&#8221;{}&#8221;]<\/p>\n<style><!-- [et_pb_line_break_holder] -->.blog-style-38 .et_pb_post div.post-content a.more-link {<!-- [et_pb_line_break_holder] -->    background-color: #8748fb;<!-- [et_pb_line_break_holder] -->    font-size: 16px !important;<!-- [et_pb_line_break_holder] -->    padding: 12px 20px 12px 20px !important;<!-- [et_pb_line_break_holder] -->    border-radius: 4px;<!-- [et_pb_line_break_holder] -->    text-align: center;<!-- [et_pb_line_break_holder] -->    width: fit-content;}<!-- [et_pb_line_break_holder] -->  <!-- [et_pb_line_break_holder] -->.blog-style-38 .et_pb_post div.post-content a.more-link:hover {<!-- [et_pb_line_break_holder] -->    background-color: #212529;<!-- [et_pb_line_break_holder] -->    }<!-- [et_pb_line_break_holder] -->  <!-- [et_pb_line_break_holder] -->.blog-style-38 .et_pb_post .post-meta {<!-- [et_pb_line_break_holder] -->  color: #4D4D4D !important;<!-- [et_pb_line_break_holder] -->    }  <!-- [et_pb_line_break_holder] --><!-- [et_pb_line_break_holder] -->.blog-style-38 .et_pb_post .post-meta a {<!-- [et_pb_line_break_holder] -->  color: #8748fb !important;<!-- [et_pb_line_break_holder] -->  font-weight: 400;<!-- [et_pb_line_break_holder] -->  }<!-- [et_pb_line_break_holder] -->  <!-- [et_pb_line_break_holder] -->.blog-style-38 .et_pb_post .post-meta a:hover {<!-- [et_pb_line_break_holder] -->    text-decoration: underline;<!-- [et_pb_line_break_holder] -->  }<!-- [et_pb_line_break_holder] -->  <!-- [et_pb_line_break_holder] -->.blog-style-38 .et_pb_post .post-meta span.author.vcard a {<!-- [et_pb_line_break_holder] -->    background-color: rgba(0,0,0,0);<!-- [et_pb_line_break_holder] -->    color: #000 !important;<!-- [et_pb_line_break_holder] -->    padding-left:0;<!-- [et_pb_line_break_holder] -->    padding-right:0;<!-- [et_pb_line_break_holder] -->  }<!-- [et_pb_line_break_holder] -->  <!-- [et_pb_line_break_holder] -->.blog-style-38 .pagination a:hover {<!-- [et_pb_line_break_holder] -->    text-decoration: underline;<!-- [et_pb_line_break_holder] -->}<!-- [et_pb_line_break_holder] -->  <!-- [et_pb_line_break_holder] -->.blog-style-38 .et_pb_post .post-content *  {<!-- [et_pb_line_break_holder] -->    margin-bottom: 20px;<!-- [et_pb_line_break_holder] -->}<!-- [et_pb_line_break_holder] -->  <!-- [et_pb_line_break_holder] -->    <!-- [et_pb_line_break_holder] -->.blog-style-38 .et_pb_post .entry-featured-image-url {<!-- [et_pb_line_break_holder] -->    overflow: hidden;<!-- [et_pb_line_break_holder] -->  margin-bottom:0px;<!-- [et_pb_line_break_holder] -->}<!-- [et_pb_line_break_holder] -->  <!-- [et_pb_line_break_holder] --> .blog-style-38 .et_pb_post .entry-featured-image-url {<!-- [et_pb_line_break_holder] -->    border: 1px solid rgba(255, 255, 255, 0); } <!-- [et_pb_line_break_holder] -->  <!-- [et_pb_line_break_holder] -->.blog-style-38 article.et_pb_post {<!-- [et_pb_line_break_holder] -->  background-color: #fff;<!-- [et_pb_line_break_holder] -->  box-shadow: 6px 6px 18px 0px rgba(0,0,0,0.22);<!-- [et_pb_line_break_holder] -->  }<!-- [et_pb_line_break_holder] -->  <!-- [et_pb_line_break_holder] -->.blog-style-38 .et_pb_post {<!-- [et_pb_line_break_holder] -->    display: flex;<!-- [et_pb_line_break_holder] -->    flex-direction: column;<!-- [et_pb_line_break_holder] -->}<!-- [et_pb_line_break_holder] --><!-- [et_pb_line_break_holder] -->.blog-style-38 .entry-title {<!-- [et_pb_line_break_holder] -->    order: 0 !important;<!-- [et_pb_line_break_holder] -->}<!-- [et_pb_line_break_holder] --><!-- [et_pb_line_break_holder] -->.blog-style-38 .post-meta {<!-- [et_pb_line_break_holder] -->    order: 1;<!-- [et_pb_line_break_holder] -->}<!-- [et_pb_line_break_holder] --><!-- [et_pb_line_break_holder] -->.blog-style-38 .et_pb_image_container {<!-- [et_pb_line_break_holder] -->    order: 2;<!-- [et_pb_line_break_holder] -->}<!-- [et_pb_line_break_holder] --><!-- [et_pb_line_break_holder] -->.blog-style-38 .post-content {<!-- [et_pb_line_break_holder] -->    order: 3;<!-- [et_pb_line_break_holder] -->}<!-- [et_pb_line_break_holder] --><!-- [et_pb_line_break_holder] --><\/style>\n<p>[\/et_pb_code][\/et_pb_column][\/et_pb_row][\/et_pb_section]<\/p>\n","protected":false},"excerpt":{"rendered":"<p>Blog di wavemarketUltime notizie, novit\u00e0, le funzionalit\u00e0 pi\u00f9 recenti e tutti i nostri consigli per vendere sui Marketplace.<\/p>\n","protected":false},"author":1,"featured_media":0,"parent":0,"menu_order":0,"comment_status":"closed","ping_status":"closed","template":"","meta":{"_et_pb_use_builder":"on","_et_pb_old_content":"","_et_gb_content_width":"","inline_featured_image":false,"footnotes":""},"class_list":["post-104339","page","type-page","status-publish","hentry"],"yoast_head":"<!-- This site is optimized with the Yoast SEO plugin v27.3 - https:\/\/yoast.com\/product\/yoast-seo-wordpress\/ -->\n<title>Aggiornamento &#8212; WaveMarket<\/title>\n<meta name=\"description\" content=\"Ultime notizie, novit\u00e0, le funzionalit\u00e0 pi\u00f9 recenti e tutti i nostri consigli per vendere sui Marketplace.\" \/>\n<meta name=\"robots\" content=\"index, follow, max-snippet:-1, max-image-preview:large, max-video-preview:-1\" \/>\n<link rel=\"canonical\" href=\"https:\/\/wavemarket.online\/it\/aggiornamento\/\" \/>\n<meta property=\"og:locale\" content=\"it_IT\" \/>\n<meta property=\"og:type\" content=\"article\" \/>\n<meta property=\"og:title\" content=\"Aggiornamento &#8212; WaveMarket\" \/>\n<meta property=\"og:description\" content=\"Ultime notizie, novit\u00e0, le funzionalit\u00e0 pi\u00f9 recenti e tutti i nostri consigli per vendere sui Marketplace.\" \/>\n<meta property=\"og:url\" content=\"https:\/\/wavemarket.online\/it\/aggiornamento\/\" \/>\n<meta property=\"og:site_name\" content=\"WaveMarket\" \/>\n<meta property=\"article:modified_time\" content=\"2026-03-20T10:44:40+00:00\" \/>\n<meta property=\"og:image\" content=\"https:\/\/wavemarket.online\/wp-content\/uploads\/2023\/05\/wavemarket-imagen-principal-web.png\" \/>\n\t<meta property=\"og:image:width\" content=\"1200\" \/>\n\t<meta property=\"og:image:height\" content=\"675\" \/>\n\t<meta property=\"og:image:type\" content=\"image\/png\" \/>\n<meta name=\"twitter:card\" content=\"summary_large_image\" \/>\n<meta name=\"twitter:title\" content=\"Aggiornamento &#8212; WaveMarket\" \/>\n<meta name=\"twitter:description\" content=\"Ultime notizie, novit\u00e0, le funzionalit\u00e0 pi\u00f9 recenti e tutti i nostri consigli per vendere sui Marketplace.\" \/>\n<meta name=\"twitter:label1\" content=\"Tempo di lettura stimato\" \/>\n\t<meta name=\"twitter:data1\" content=\"3 minuti\" \/>\n<script type=\"application\/ld+json\" class=\"yoast-schema-graph\">{\"@context\":\"https:\\\/\\\/schema.org\",\"@graph\":[{\"@type\":\"WebPage\",\"@id\":\"https:\\\/\\\/wavemarket.online\\\/it\\\/aggiornamento\\\/\",\"url\":\"https:\\\/\\\/wavemarket.online\\\/it\\\/aggiornamento\\\/\",\"name\":\"Aggiornamento &#8212; WaveMarket\",\"isPartOf\":{\"@id\":\"https:\\\/\\\/wavemarket.online\\\/it\\\/#website\"},\"datePublished\":\"2023-05-23T12:08:10+00:00\",\"dateModified\":\"2026-03-20T10:44:40+00:00\",\"description\":\"Ultime notizie, novit\u00e0, le funzionalit\u00e0 pi\u00f9 recenti e tutti i nostri consigli per vendere sui Marketplace.\",\"breadcrumb\":{\"@id\":\"https:\\\/\\\/wavemarket.online\\\/it\\\/aggiornamento\\\/#breadcrumb\"},\"inLanguage\":\"it-IT\",\"potentialAction\":[{\"@type\":\"ReadAction\",\"target\":[\"https:\\\/\\\/wavemarket.online\\\/it\\\/aggiornamento\\\/\"]}]},{\"@type\":\"BreadcrumbList\",\"@id\":\"https:\\\/\\\/wavemarket.online\\\/it\\\/aggiornamento\\\/#breadcrumb\",\"itemListElement\":[{\"@type\":\"ListItem\",\"position\":1,\"name\":\"Portada\",\"item\":\"https:\\\/\\\/wavemarket.online\\\/it\\\/\"},{\"@type\":\"ListItem\",\"position\":2,\"name\":\"Aggiornamento\"}]},{\"@type\":\"WebSite\",\"@id\":\"https:\\\/\\\/wavemarket.online\\\/it\\\/#website\",\"url\":\"https:\\\/\\\/wavemarket.online\\\/it\\\/\",\"name\":\"wavemarket.online\",\"description\":\"Vende m\u00e1s conectando tu negocio con Marketplaces\",\"publisher\":{\"@id\":\"https:\\\/\\\/wavemarket.online\\\/it\\\/#organization\"},\"alternateName\":\"WaveMarket\",\"potentialAction\":[{\"@type\":\"SearchAction\",\"target\":{\"@type\":\"EntryPoint\",\"urlTemplate\":\"https:\\\/\\\/wavemarket.online\\\/it\\\/?s={search_term_string}\"},\"query-input\":{\"@type\":\"PropertyValueSpecification\",\"valueRequired\":true,\"valueName\":\"search_term_string\"}}],\"inLanguage\":\"it-IT\"},{\"@type\":\"Organization\",\"@id\":\"https:\\\/\\\/wavemarket.online\\\/it\\\/#organization\",\"name\":\"WaveMarket\",\"alternateName\":\"WaveMarket\",\"url\":\"https:\\\/\\\/wavemarket.online\\\/it\\\/\",\"logo\":{\"@type\":\"ImageObject\",\"inLanguage\":\"it-IT\",\"@id\":\"https:\\\/\\\/wavemarket.online\\\/it\\\/#\\\/schema\\\/logo\\\/image\\\/\",\"url\":\"http:\\\/\\\/wavemarket.online\\\/wp-content\\\/uploads\\\/2023\\\/05\\\/wavemarket-favicon.png\",\"contentUrl\":\"http:\\\/\\\/wavemarket.online\\\/wp-content\\\/uploads\\\/2023\\\/05\\\/wavemarket-favicon.png\",\"width\":512,\"height\":512,\"caption\":\"WaveMarket\"},\"image\":{\"@id\":\"https:\\\/\\\/wavemarket.online\\\/it\\\/#\\\/schema\\\/logo\\\/image\\\/\"},\"sameAs\":[\"https:\\\/\\\/www.linkedin.com\\\/company\\\/wavemarket\\\/\"]}]}<\/script>\n<!-- \/ Yoast SEO plugin. -->","yoast_head_json":{"title":"Aggiornamento &#8212; WaveMarket","description":"Ultime notizie, novit\u00e0, le funzionalit\u00e0 pi\u00f9 recenti e tutti i nostri consigli per vendere sui Marketplace.","robots":{"index":"index","follow":"follow","max-snippet":"max-snippet:-1","max-image-preview":"max-image-preview:large","max-video-preview":"max-video-preview:-1"},"canonical":"https:\/\/wavemarket.online\/it\/aggiornamento\/","og_locale":"it_IT","og_type":"article","og_title":"Aggiornamento &#8212; WaveMarket","og_description":"Ultime notizie, novit\u00e0, le funzionalit\u00e0 pi\u00f9 recenti e tutti i nostri consigli per vendere sui Marketplace.","og_url":"https:\/\/wavemarket.online\/it\/aggiornamento\/","og_site_name":"WaveMarket","article_modified_time":"2026-03-20T10:44:40+00:00","og_image":[{"width":1200,"height":675,"url":"https:\/\/wavemarket.online\/wp-content\/uploads\/2023\/05\/wavemarket-imagen-principal-web.png","type":"image\/png"}],"twitter_card":"summary_large_image","twitter_title":"Aggiornamento &#8212; WaveMarket","twitter_description":"Ultime notizie, novit\u00e0, le funzionalit\u00e0 pi\u00f9 recenti e tutti i nostri consigli per vendere sui Marketplace.","twitter_misc":{"Tempo di lettura stimato":"3 minuti"},"schema":{"@context":"https:\/\/schema.org","@graph":[{"@type":"WebPage","@id":"https:\/\/wavemarket.online\/it\/aggiornamento\/","url":"https:\/\/wavemarket.online\/it\/aggiornamento\/","name":"Aggiornamento &#8212; WaveMarket","isPartOf":{"@id":"https:\/\/wavemarket.online\/it\/#website"},"datePublished":"2023-05-23T12:08:10+00:00","dateModified":"2026-03-20T10:44:40+00:00","description":"Ultime notizie, novit\u00e0, le funzionalit\u00e0 pi\u00f9 recenti e tutti i nostri consigli per vendere sui Marketplace.","breadcrumb":{"@id":"https:\/\/wavemarket.online\/it\/aggiornamento\/#breadcrumb"},"inLanguage":"it-IT","potentialAction":[{"@type":"ReadAction","target":["https:\/\/wavemarket.online\/it\/aggiornamento\/"]}]},{"@type":"BreadcrumbList","@id":"https:\/\/wavemarket.online\/it\/aggiornamento\/#breadcrumb","itemListElement":[{"@type":"ListItem","position":1,"name":"Portada","item":"https:\/\/wavemarket.online\/it\/"},{"@type":"ListItem","position":2,"name":"Aggiornamento"}]},{"@type":"WebSite","@id":"https:\/\/wavemarket.online\/it\/#website","url":"https:\/\/wavemarket.online\/it\/","name":"wavemarket.online","description":"Vende m\u00e1s conectando tu negocio con Marketplaces","publisher":{"@id":"https:\/\/wavemarket.online\/it\/#organization"},"alternateName":"WaveMarket","potentialAction":[{"@type":"SearchAction","target":{"@type":"EntryPoint","urlTemplate":"https:\/\/wavemarket.online\/it\/?s={search_term_string}"},"query-input":{"@type":"PropertyValueSpecification","valueRequired":true,"valueName":"search_term_string"}}],"inLanguage":"it-IT"},{"@type":"Organization","@id":"https:\/\/wavemarket.online\/it\/#organization","name":"WaveMarket","alternateName":"WaveMarket","url":"https:\/\/wavemarket.online\/it\/","logo":{"@type":"ImageObject","inLanguage":"it-IT","@id":"https:\/\/wavemarket.online\/it\/#\/schema\/logo\/image\/","url":"http:\/\/wavemarket.online\/wp-content\/uploads\/2023\/05\/wavemarket-favicon.png","contentUrl":"http:\/\/wavemarket.online\/wp-content\/uploads\/2023\/05\/wavemarket-favicon.png","width":512,"height":512,"caption":"WaveMarket"},"image":{"@id":"https:\/\/wavemarket.online\/it\/#\/schema\/logo\/image\/"},"sameAs":["https:\/\/www.linkedin.com\/company\/wavemarket\/"]}]}},"_links":{"self":[{"href":"https:\/\/wavemarket.online\/it\/wp-json\/wp\/v2\/pages\/104339","targetHints":{"allow":["GET"]}}],"collection":[{"href":"https:\/\/wavemarket.online\/it\/wp-json\/wp\/v2\/pages"}],"about":[{"href":"https:\/\/wavemarket.online\/it\/wp-json\/wp\/v2\/types\/page"}],"author":[{"embeddable":true,"href":"https:\/\/wavemarket.online\/it\/wp-json\/wp\/v2\/users\/1"}],"replies":[{"embeddable":true,"href":"https:\/\/wavemarket.online\/it\/wp-json\/wp\/v2\/comments?post=104339"}],"version-history":[{"count":8,"href":"https:\/\/wavemarket.online\/it\/wp-json\/wp\/v2\/pages\/104339\/revisions"}],"predecessor-version":[{"id":106083,"href":"https:\/\/wavemarket.online\/it\/wp-json\/wp\/v2\/pages\/104339\/revisions\/106083"}],"wp:attachment":[{"href":"https:\/\/wavemarket.online\/it\/wp-json\/wp\/v2\/media?parent=104339"}],"curies":[{"name":"wp","href":"https:\/\/api.w.org\/{rel}","templated":true}]}}